{"id":3,"date":"2023-03-23T22:20:08","date_gmt":"2023-03-23T21:20:08","guid":{"rendered":"http:\/\/94.16.115.136\/?page_id=3"},"modified":"2023-10-03T22:46:26","modified_gmt":"2023-10-03T20:46:26","slug":"datenschutzerklaerung","status":"publish","type":"page","link":"https:\/\/mysilentroots.com\/index.php\/de\/datenschutzerklaerung\/","title":{"rendered":"Impressum und Datenschutzerkl\u00e4rung"},"content":{"rendered":"\n<h2 class=\"wp-block-heading\">Impressum<\/h2>\n\n\n\n<h3 class=\"wp-block-heading\">Silent Roots<\/h3>\n\n\n\n<p>mysilentroots[at]gmail.com<\/p>\n\n\n\n<h3 class=\"wp-block-heading\">Haftung f\u00fcr Inhalte<\/h3>\n\n\n\n<p>Betreiber dieser Seiten ist &#8222;Silent Roots&#8220;. Der Betreiber der Seiten ist f\u00fcr eigene Inhalte gem\u00e4\u00df der aktuellen Gesetzeslage verantwortlich. Die Inhalte der Seiten wurden mit gr\u00f6\u00dfter Sorgfalt erstellt. F\u00fcr die Richtigkeit, Vollst\u00e4ndigkeit und Aktualit\u00e4t der Inhalte kann jedoch kein Haftung \u00fcbernommen und kein wie immer gearteter Rechtsanspruch abgeleitet werden.<\/p>\n\n\n\n<h3 class=\"wp-block-heading\">Haftung f\u00fcr Links<\/h3>\n\n\n\n<p>Dieses Angebot enth\u00e4lt Links zu externen Webseiten, auf deren Inhalte vom Betreiber dieser Seiten kein Einfluss genommen werden kann. F\u00fcr diese fremden Inhalte kann demnach keinerlei Gew\u00e4hr \u00fcbernommen werden. F\u00fcr die Inhalte der verlinkten Seiten ist der jeweilige Anbieter verantwortlich. Die Seiten wurden zum Zeitpunkt der Verlinkung auf m\u00f6gliche Rechtsverst\u00f6\u00dfe \u00fcberpr\u00fcft. Eine permanente Kontrolle der verlinkten Seiten ist jedoch ohne konkrete Anhaltspunkte nicht zumutbar. Bei bekannt werden von Rechtsverletzungen werden diese Links umgehend entfernt.<\/p>\n\n\n\n<h3 class=\"wp-block-heading\">Urheberrecht<\/h3>\n\n\n\n<p>Die Ver\u00f6ffentlichungen auf diesen Seiten und die Bilder unterliegen dem \u00f6sterreichischen Urheberrecht. Downloads und Kopien dieser Seite sind unter Angabe der Quelle gestattet. Die Vervielf\u00e4ltigung, Bearbeitung, Verbreitung und jede Art der Verwertung au\u00dferhalb der Grenzen des Urheberrechtes bed\u00fcrfen der schriftlichen Zustimmung des jeweiligen Verfassers.<\/p>\n\n\n\n<h3 class=\"wp-block-heading\">Datenschutz<\/h3>\n\n\n\n<p>Sofern innerhalb des Internetangebotes die M\u00f6glichkeit zur Eingabe pers\u00f6nlicher oder gesch\u00e4ftlicher Daten (Emailadressen, Namen, Anschriften) besteht, so erfolgt die Preisgabe dieser Daten seitens des Nutzers auf ausdr\u00fccklich freiwilliger Basis. Die Inanspruchnahme und Bezahlung aller angebotenen Dienste ist \u2013 soweit technisch m\u00f6glich und zumutbar \u2013 auch ohne Angabe solcher Daten beziehungsweise unter Angabe anonymisierter Daten oder eines Pseudonyms gestattet.<\/p>\n\n\n\n<h3 class=\"wp-block-heading\">Rechtswirksamkeit dieses Haftungsausschlusses<\/h3>\n\n\n\n<p>Dieser Haftungsausschluss ist als Teil des Internetangebotes zu betrachten, von dem aus auf diese Seite verwiesen wurde. Sofern Teile oder einzelne Formulierungen dieses Textes der geltenden Rechtslage nicht, nicht mehr oder nicht vollst\u00e4ndig entsprechen sollten, bleiben die \u00fcbrigen Teile des Dokumentes in ihrem Inhalt und ihrer G\u00fcltigkeit davon unber\u00fchrt.<\/p>\n\n\n\n<h2 class=\"wp-block-heading\">Datenschutzerkl\u00e4rung<\/h2>\n\n\n\n<p><strong>Webseitenbetreiber:<\/strong> Silent Roots<br><strong>Email:<\/strong> mysilentroots[at]gmail.com<\/p>\n\n\n\n<p>Wir verarbeiten Ihre personenbezogenen Daten, die unter folgende <strong>Datenkategorien<\/strong> fallen:<\/p>\n\n\n\n<ul class=\"wp-block-list\">\n<li>Name\/Firma,<\/li>\n\n\n\n<li>Beruf\/Berufsbezeichnung,<\/li>\n\n\n\n<li>Geburtsdatum,<\/li>\n\n\n\n<li>Firmenbuchnummer,<\/li>\n\n\n\n<li>Ansprechperson,<\/li>\n\n\n\n<li>Gesch\u00e4ftsanschrift und sonstige Adressen des Kunden,<\/li>\n\n\n\n<li>Kontaktdaten (Telefonnummer, Telefaxnummer, E-Mail-Adresse, etc.)<\/li>\n\n\n\n<li>Bankverbindungen, Kreditkartendaten,<\/li>\n\n\n\n<li>Bestelldaten,<\/li>\n\n\n\n<li>UID-Nummer,<\/li>\n\n\n\n<li>Kundenserviceanfragen.<\/li>\n<\/ul>\n\n\n\n<p>Sie haben uns Daten \u00fcber sich freiwillig zur Verf\u00fcgung gestellt und wir verarbeiten diese Daten auf Grundlage Ihrer <strong>Einwilligung<\/strong> zu folgenden Zwecken:<\/p>\n\n\n\n<ul class=\"wp-block-list\">\n<li>Betreuung des Kunden sowie<\/li>\n\n\n\n<li>f\u00fcr eigene Werbezwecke, beispielsweise zur Zusendung von Angeboten, Werbeprospekten und Newsletter (in Papier- und elektronischer Form), sowie zum Zwecke des Hinweises auf die zum Kunden bestehende oder vormalige Gesch\u00e4ftsbeziehung (Referenzhinweis).<\/li>\n<\/ul>\n\n\n\n<p>Sie k\u00f6nnen diese Einwilligung jederzeit widerrufen. Ein <strong>Widerruf<\/strong> hat zur Folge, dass wir Ihre Daten ab diesem Zeitpunkt zu oben genannten Zwecken nicht mehr verarbeiten. <strong>F\u00fcr einen Widerruf wenden Sie sich bitte an:<\/strong> mysilentroots[at]gmail.com<\/p>\n\n\n\n<p>Die von Ihnen bereit gestellten Daten sind weiters zur <strong>Vertragserf\u00fcllung<\/strong> bzw. zur Durchf\u00fchrung vorvertraglicher Ma\u00dfnahmen erforderlich. Ohne diese Daten k\u00f6nnen wir den Vertrag mit Ihnen nicht abschlie\u00dfen.<\/p>\n\n\n\n<p>Wir <strong>speichern<\/strong> Ihre Daten unbefristet.<\/p>\n\n\n\n<p><strong>Sie erreichen uns unter folgenden Kontaktdaten: mysilentroots@gmail.com<\/strong><\/p>\n\n\n\n<p><strong>Unseren Datenschutzbeauftragten erreichen Sie unter: mysilentroots@gmail.com<\/strong><\/p>\n\n\n\n<p><strong>Rechtsbehelfsbelehrung<\/strong><\/p>\n\n\n\n<p>Ihnen stehen grunds\u00e4tzlich die Rechte auf Auskunft, Berichtigung, L\u00f6schung, Einschr\u00e4nkung, Daten\u00fcbertragbarkeit und Widerspruch zu. Daf\u00fcr wenden Sie sich an uns. Wenn Sie glauben, dass die Verarbeitung Ihrer Daten gegen das Datenschutzrecht verst\u00f6\u00dft oder Ihre datenschutzrechtlichen Anspr\u00fcche sonst in einer Weise verletzt worden sind, k\u00f6nnen Sie sich bei der Aufsichtsbeh\u00f6rde beschweren. In \u00d6sterreich ist die <a href=\"http:\/\/dsb.gv.at\/\" target=\"_blank\" rel=\"noreferrer noopener\">Datenschutzbeh\u00f6rde<\/a> zust\u00e4ndig.<\/p>\n","protected":false},"excerpt":{"rendered":"<p>Impressum Silent Roots mysilentroots[at]gmail.com Haftung f\u00fcr Inhalte Betreiber dieser Seiten ist &#8222;Silent Roots&#8220;. Der Betreiber der Seiten ist f\u00fcr eigene Inhalte gem\u00e4\u00df der aktuellen Gesetzeslage verantwortlich. Die Inhalte der Seiten wurden mit gr\u00f6\u00dfter Sorgfalt erstellt. F\u00fcr die Richtigkeit, Vollst\u00e4ndigkeit und &hellip; <a href=\"https:\/\/mysilentroots.com\/index.php\/de\/datenschutzerklaerung\/\">Weiterlesen <span class=\"meta-nav\">&rarr;<\/span><\/a><\/p>\n","protected":false},"author":1,"featured_media":0,"parent":0,"menu_order":0,"comment_status":"closed","ping_status":"open","template":"","meta":{"footnotes":""},"class_list":["post-3","page","type-page","status-publish","hentry"],"yoast_head":"<!-- This site is optimized with the Yoast SEO plugin v26.8 - https:\/\/yoast.com\/product\/yoast-seo-wordpress\/ -->\n<title>Impressum und Datenschutzerkl\u00e4rung - Silent Roots<\/title>\n<meta name=\"robots\" content=\"index, follow, max-snippet:-1, max-image-preview:large, max-video-preview:-1\" \/>\n<link rel=\"canonical\" href=\"https:\/\/mysilentroots.com\/index.php\/de\/datenschutzerklaerung\/\" \/>\n<meta property=\"og:locale\" content=\"de_DE\" \/>\n<meta property=\"og:type\" content=\"article\" \/>\n<meta property=\"og:title\" content=\"Impressum und Datenschutzerkl\u00e4rung - Silent Roots\" \/>\n<meta property=\"og:description\" content=\"Impressum Silent Roots mysilentroots[at]gmail.com Haftung f\u00fcr Inhalte Betreiber dieser Seiten ist &#8222;Silent Roots&#8220;. Der Betreiber der Seiten ist f\u00fcr eigene Inhalte gem\u00e4\u00df der aktuellen Gesetzeslage verantwortlich. Die Inhalte der Seiten wurden mit gr\u00f6\u00dfter Sorgfalt erstellt. F\u00fcr die Richtigkeit, Vollst\u00e4ndigkeit und &hellip; Weiterlesen &rarr;\" \/>\n<meta property=\"og:url\" content=\"https:\/\/mysilentroots.com\/index.php\/de\/datenschutzerklaerung\/\" \/>\n<meta property=\"og:site_name\" content=\"Silent Roots\" \/>\n<meta property=\"article:publisher\" content=\"https:\/\/www.facebook.com\/profile.php?id=61550481972567\" \/>\n<meta property=\"article:modified_time\" content=\"2023-10-03T20:46:26+00:00\" \/>\n<meta name=\"twitter:card\" content=\"summary_large_image\" \/>\n<meta name=\"twitter:label1\" content=\"Gesch\u00e4tzte Lesezeit\" \/>\n\t<meta name=\"twitter:data1\" content=\"3\u00a0Minuten\" \/>\n<script type=\"application\/ld+json\" class=\"yoast-schema-graph\">{\"@context\":\"https:\/\/schema.org\",\"@graph\":[{\"@type\":\"WebPage\",\"@id\":\"https:\/\/mysilentroots.com\/index.php\/de\/datenschutzerklaerung\/\",\"url\":\"https:\/\/mysilentroots.com\/index.php\/de\/datenschutzerklaerung\/\",\"name\":\"Impressum und Datenschutzerkl\u00e4rung - Silent Roots\",\"isPartOf\":{\"@id\":\"https:\/\/mysilentroots.com\/#website\"},\"datePublished\":\"2023-03-23T21:20:08+00:00\",\"dateModified\":\"2023-10-03T20:46:26+00:00\",\"breadcrumb\":{\"@id\":\"https:\/\/mysilentroots.com\/index.php\/de\/datenschutzerklaerung\/#breadcrumb\"},\"inLanguage\":\"de\",\"potentialAction\":[{\"@type\":\"ReadAction\",\"target\":[\"https:\/\/mysilentroots.com\/index.php\/de\/datenschutzerklaerung\/\"]}]},{\"@type\":\"BreadcrumbList\",\"@id\":\"https:\/\/mysilentroots.com\/index.php\/de\/datenschutzerklaerung\/#breadcrumb\",\"itemListElement\":[{\"@type\":\"ListItem\",\"position\":1,\"name\":\"Startseite\",\"item\":\"https:\/\/mysilentroots.com\/\"},{\"@type\":\"ListItem\",\"position\":2,\"name\":\"Impressum und Datenschutzerkl\u00e4rung\"}]},{\"@type\":\"WebSite\",\"@id\":\"https:\/\/mysilentroots.com\/#website\",\"url\":\"https:\/\/mysilentroots.com\/\",\"name\":\"Silent Roots\",\"description\":\"home - garden - cooking - self-sufficiency\",\"publisher\":{\"@id\":\"https:\/\/mysilentroots.com\/#organization\"},\"potentialAction\":[{\"@type\":\"SearchAction\",\"target\":{\"@type\":\"EntryPoint\",\"urlTemplate\":\"https:\/\/mysilentroots.com\/?s={search_term_string}\"},\"query-input\":{\"@type\":\"PropertyValueSpecification\",\"valueRequired\":true,\"valueName\":\"search_term_string\"}}],\"inLanguage\":\"de\"},{\"@type\":\"Organization\",\"@id\":\"https:\/\/mysilentroots.com\/#organization\",\"name\":\"Silent Roots\",\"url\":\"https:\/\/mysilentroots.com\/\",\"logo\":{\"@type\":\"ImageObject\",\"inLanguage\":\"de\",\"@id\":\"https:\/\/mysilentroots.com\/#\/schema\/logo\/image\/\",\"url\":\"https:\/\/mysilentroots.com\/wp-content\/uploads\/2024\/12\/favicon.png\",\"contentUrl\":\"https:\/\/mysilentroots.com\/wp-content\/uploads\/2024\/12\/favicon.png\",\"width\":500,\"height\":500,\"caption\":\"Silent Roots\"},\"image\":{\"@id\":\"https:\/\/mysilentroots.com\/#\/schema\/logo\/image\/\"},\"sameAs\":[\"https:\/\/www.facebook.com\/profile.php?id=61550481972567\",\"https:\/\/www.instagram.com\/mysilentroots\/\",\"https:\/\/www.tiktok.com\/@silentroots\",\"https:\/\/www.youtube.com\/channel\/UCBInxyDZIkbceKk4Gitpi_Q\"]}]}<\/script>\n<!-- \/ Yoast SEO plugin. -->","yoast_head_json":{"title":"Impressum und Datenschutzerkl\u00e4rung - Silent Roots","robots":{"index":"index","follow":"follow","max-snippet":"max-snippet:-1","max-image-preview":"max-image-preview:large","max-video-preview":"max-video-preview:-1"},"canonical":"https:\/\/mysilentroots.com\/index.php\/de\/datenschutzerklaerung\/","og_locale":"de_DE","og_type":"article","og_title":"Impressum und Datenschutzerkl\u00e4rung - Silent Roots","og_description":"Impressum Silent Roots mysilentroots[at]gmail.com Haftung f\u00fcr Inhalte Betreiber dieser Seiten ist &#8222;Silent Roots&#8220;. Der Betreiber der Seiten ist f\u00fcr eigene Inhalte gem\u00e4\u00df der aktuellen Gesetzeslage verantwortlich. Die Inhalte der Seiten wurden mit gr\u00f6\u00dfter Sorgfalt erstellt. F\u00fcr die Richtigkeit, Vollst\u00e4ndigkeit und &hellip; Weiterlesen &rarr;","og_url":"https:\/\/mysilentroots.com\/index.php\/de\/datenschutzerklaerung\/","og_site_name":"Silent Roots","article_publisher":"https:\/\/www.facebook.com\/profile.php?id=61550481972567","article_modified_time":"2023-10-03T20:46:26+00:00","twitter_card":"summary_large_image","twitter_misc":{"Gesch\u00e4tzte Lesezeit":"3\u00a0Minuten"},"schema":{"@context":"https:\/\/schema.org","@graph":[{"@type":"WebPage","@id":"https:\/\/mysilentroots.com\/index.php\/de\/datenschutzerklaerung\/","url":"https:\/\/mysilentroots.com\/index.php\/de\/datenschutzerklaerung\/","name":"Impressum und Datenschutzerkl\u00e4rung - Silent Roots","isPartOf":{"@id":"https:\/\/mysilentroots.com\/#website"},"datePublished":"2023-03-23T21:20:08+00:00","dateModified":"2023-10-03T20:46:26+00:00","breadcrumb":{"@id":"https:\/\/mysilentroots.com\/index.php\/de\/datenschutzerklaerung\/#breadcrumb"},"inLanguage":"de","potentialAction":[{"@type":"ReadAction","target":["https:\/\/mysilentroots.com\/index.php\/de\/datenschutzerklaerung\/"]}]},{"@type":"BreadcrumbList","@id":"https:\/\/mysilentroots.com\/index.php\/de\/datenschutzerklaerung\/#breadcrumb","itemListElement":[{"@type":"ListItem","position":1,"name":"Startseite","item":"https:\/\/mysilentroots.com\/"},{"@type":"ListItem","position":2,"name":"Impressum und Datenschutzerkl\u00e4rung"}]},{"@type":"WebSite","@id":"https:\/\/mysilentroots.com\/#website","url":"https:\/\/mysilentroots.com\/","name":"Silent Roots","description":"home - garden - cooking - self-sufficiency","publisher":{"@id":"https:\/\/mysilentroots.com\/#organization"},"potentialAction":[{"@type":"SearchAction","target":{"@type":"EntryPoint","urlTemplate":"https:\/\/mysilentroots.com\/?s={search_term_string}"},"query-input":{"@type":"PropertyValueSpecification","valueRequired":true,"valueName":"search_term_string"}}],"inLanguage":"de"},{"@type":"Organization","@id":"https:\/\/mysilentroots.com\/#organization","name":"Silent Roots","url":"https:\/\/mysilentroots.com\/","logo":{"@type":"ImageObject","inLanguage":"de","@id":"https:\/\/mysilentroots.com\/#\/schema\/logo\/image\/","url":"https:\/\/mysilentroots.com\/wp-content\/uploads\/2024\/12\/favicon.png","contentUrl":"https:\/\/mysilentroots.com\/wp-content\/uploads\/2024\/12\/favicon.png","width":500,"height":500,"caption":"Silent Roots"},"image":{"@id":"https:\/\/mysilentroots.com\/#\/schema\/logo\/image\/"},"sameAs":["https:\/\/www.facebook.com\/profile.php?id=61550481972567","https:\/\/www.instagram.com\/mysilentroots\/","https:\/\/www.tiktok.com\/@silentroots","https:\/\/www.youtube.com\/channel\/UCBInxyDZIkbceKk4Gitpi_Q"]}]}},"_links":{"self":[{"href":"https:\/\/mysilentroots.com\/index.php\/wp-json\/wp\/v2\/pages\/3","targetHints":{"allow":["GET"]}}],"collection":[{"href":"https:\/\/mysilentroots.com\/index.php\/wp-json\/wp\/v2\/pages"}],"about":[{"href":"https:\/\/mysilentroots.com\/index.php\/wp-json\/wp\/v2\/types\/page"}],"author":[{"embeddable":true,"href":"https:\/\/mysilentroots.com\/index.php\/wp-json\/wp\/v2\/users\/1"}],"replies":[{"embeddable":true,"href":"https:\/\/mysilentroots.com\/index.php\/wp-json\/wp\/v2\/comments?post=3"}],"version-history":[{"count":2,"href":"https:\/\/mysilentroots.com\/index.php\/wp-json\/wp\/v2\/pages\/3\/revisions"}],"predecessor-version":[{"id":18,"href":"https:\/\/mysilentroots.com\/index.php\/wp-json\/wp\/v2\/pages\/3\/revisions\/18"}],"wp:attachment":[{"href":"https:\/\/mysilentroots.com\/index.php\/wp-json\/wp\/v2\/media?parent=3"}],"curies":[{"name":"wp","href":"https:\/\/api.w.org\/{rel}","templated":true}]}}